{"id":10,"date":"2023-05-31T09:14:39","date_gmt":"2023-05-31T09:14:39","guid":{"rendered":"https:\/\/scirescareer.unibuc.ro\/?page_id=10"},"modified":"2023-05-31T09:14:39","modified_gmt":"2023-05-31T09:14:39","slug":"scop-si-obiective","status":"publish","type":"page","link":"https:\/\/scirescareer.unibuc.ro\/index.php\/despre-proiect\/scop-si-obiective\/","title":{"rendered":"scop \u0219i obiective"},"content":{"rendered":"\n<p><em><strong>Scopul proiectului SciResCareer<\/strong><\/em> este dezvoltarea interesului pentru cariera de cercet\u0103tor \u00een r\u00e2ndul tinerilor (elevi, studen\u021bi, doctoranzi), consolidarea competen\u021belor, a capacit\u0103\u021bii de angajare \u0219i a atractivit\u0103\u021bii carierelor de cercetare, dar \u0219i a altor categorii de cet\u0103\u021beni a c\u0103ror con\u0219tientizare duce la cre\u0219terea competitivit\u0103\u021bii \u00een RBI. Prin dezvoltarea Centrului se urm\u0103re\u0219te dezvoltarea la nivel regional a serviciilor de informare, orientare, consiliere \u0219i formare profesional\u0103 continu\u0103 \u00een cariera de cercetare \u0219i con\u0219tientizarea importan\u021bei \u0219tiin\u021bei \u0219i a profesiei de cercet\u0103tor \u00een RBI.<br><em><strong>Obiectivul general al proiectului<\/strong><\/em> este dezvoltarea, implementarea \u0219i opera\u021bionalizarea SciResCareer. \u00cen vederea atingerii scopului propus, pe parcursul derul\u0103rii proiectului UB, \u00een calitate de coordonator, dezvolt\u0103, implementeaz\u0103 \u0219i opera\u021bionalizeaz\u0103 SciResCareer pentru crearea unui mediu sustenabil, predictiv \u0219i simplificat de cre\u0219tere a angajabilit\u0103\u021bii \u0219i integr\u0103rii cercet\u0103torilor pe pia\u021ba for\u021bei de munc\u0103 pentru con\u0219tientizarea societ\u0103\u021bii cu privire la importan\u021ba cercet\u0103rii rom\u00e2ne\u0219ti. <\/p>\n\n\n\n<p>Pentru atingerea obiectivului general propus, echipa de management \u00ee\u0219i propune urm\u0103toarele obiective specifice:<\/p>\n\n\n\n<ul class=\"wp-block-list\">\n<li>OS1 Proiectarea, \u00eenfiin\u021barea \u0219i pilotarea SciResCareer.<\/li>\n\n\n\n<li>OS2 Dezvoltarea serviciilor de asisten\u021b\u0103 \u0219i suport pentru membrii comunit\u0103\u021bii din RBI \u0219i a celor veni\u021bi din str\u0103in\u0103tate, inclusiv a beneficiarilor investi\u021biei I8, pentru orientarea c\u0103tre profesia de cercet\u0103tor.<\/li>\n\n\n\n<li>OS3 Dezvoltarea serviciilor avansate de orientare \u00een cariera de cercet\u0103tor, a programelor de formare continu\u0103 \u0219i de gestionare a carierei.<\/li>\n\n\n\n<li>OS4 Dezvoltarea \u0219i promovarea serviciilor de comunicare a \u0219tiin\u021bei \u00een r\u00e2ndul tinerilor din \u00eenv\u0103\u021b\u0103m\u00e2ntul preuniversitar \u0219i atragerea lor spre studii universitare, \u00een vederea cre\u0219terii interesului membrilor comunit\u0103\u021bii din RBI pentru cariera de cercet\u0103tor.<\/li>\n\n\n\n<li>OS5 Promovarea rezultatelor cercet\u0103rii ob\u021binute de c\u0103tre membrii comunit\u0103\u021bii din RBI, \u00een mediul industrial \u0219i de afaceri, pentru cre\u0219terea angajabilit\u0103\u021bii cercet\u0103torilor din RBI \u0219i atragerea de noi surse de finan\u021bare din mediul privat. <\/li>\n\n\n\n<li>OS6 Stimularea cooper\u0103rii \u00eentre centrele regionale de orientare \u00een carier\u0103 \u0219i cele europene \u00een care UB este partener prin schimburi de bune practici, dezvoltarea de documente comune, atragerea de cercet\u0103tori str\u0103ini \u0219i atragerea de noi surse de finan\u021bare din mediul privat.<\/li>\n<\/ul>\n","protected":false},"excerpt":{"rendered":"<p>Scopul proiectului SciResCareer este dezvoltarea interesului pentru cariera de cercet\u0103tor \u00een r\u00e2ndul tinerilor (elevi, studen\u021bi, doctoranzi), consolidarea competen\u021belor, a capacit\u0103\u021bii de angajare \u0219i a atractivit\u0103\u021bii carierelor de cercetare, dar \u0219i a altor categorii de cet\u0103\u021beni a c\u0103ror con\u0219tientizare duce la cre\u0219terea competitivit\u0103\u021bii \u00een RBI. Prin dezvoltarea Centrului se urm\u0103re\u0219te dezvoltarea la nivel regional a serviciilor&#8230;<\/p>\n","protected":false},"author":1,"featured_media":0,"parent":2,"menu_order":0,"comment_status":"closed","ping_status":"closed","template":"","meta":{"footnotes":""},"class_list":["post-10","page","type-page","status-publish","hentry"],"jetpack-related-posts":[],"jetpack_sharing_enabled":true,"_links":{"self":[{"href":"https:\/\/scirescareer.unibuc.ro\/index.php\/wp-json\/wp\/v2\/pages\/10","targetHints":{"allow":["GET"]}}],"collection":[{"href":"https:\/\/scirescareer.unibuc.ro\/index.php\/wp-json\/wp\/v2\/pages"}],"about":[{"href":"https:\/\/scirescareer.unibuc.ro\/index.php\/wp-json\/wp\/v2\/types\/page"}],"author":[{"embeddable":true,"href":"https:\/\/scirescareer.unibuc.ro\/index.php\/wp-json\/wp\/v2\/users\/1"}],"replies":[{"embeddable":true,"href":"https:\/\/scirescareer.unibuc.ro\/index.php\/wp-json\/wp\/v2\/comments?post=10"}],"version-history":[{"count":1,"href":"https:\/\/scirescareer.unibuc.ro\/index.php\/wp-json\/wp\/v2\/pages\/10\/revisions"}],"predecessor-version":[{"id":11,"href":"https:\/\/scirescareer.unibuc.ro\/index.php\/wp-json\/wp\/v2\/pages\/10\/revisions\/11"}],"up":[{"embeddable":true,"href":"https:\/\/scirescareer.unibuc.ro\/index.php\/wp-json\/wp\/v2\/pages\/2"}],"wp:attachment":[{"href":"https:\/\/scirescareer.unibuc.ro\/index.php\/wp-json\/wp\/v2\/media?parent=10"}],"curies":[{"name":"wp","href":"https:\/\/api.w.org\/{rel}","templated":true}]}}