{"id":12,"date":"2023-05-31T09:24:14","date_gmt":"2023-05-31T09:24:14","guid":{"rendered":"https:\/\/scirescareer.unibuc.ro\/?page_id=12"},"modified":"2023-06-02T06:11:16","modified_gmt":"2023-06-02T06:11:16","slug":"pachete-de-lucru","status":"publish","type":"page","link":"https:\/\/scirescareer.unibuc.ro\/index.php\/despre-proiect\/pachete-de-lucru\/","title":{"rendered":"Pachete de lucru"},"content":{"rendered":"\n<p>SciResCareer este un centru a c\u0103rui activitate este organizat\u0103 \u00een 5 Hub-uri<\/p>\n\n\n\n<p><strong><em>WP1. Constituire Centrului SciResCareer<\/em><\/strong> &#8211; urm\u0103re\u0219te atingerea OS1 prin crearea Centrului SciResCareer.<\/p>\n\n\n\n<p><em><strong>WP2. Orientare \u0219i consiliere.<\/strong><\/em> \u00cen paralel cu activit\u0103\u021bile de dezvoltare institu\u021bional\u0103 a Centrului, membrii echipei de proiect \u00eencep dezvoltarea de analize de identificare a nevoilor de orientare \u0219i consiliere (ORC) \u00een cariera de cercet\u0103tor, a structurii serviciilor de asisten\u021b\u0103 \u0219i a serviciilor de instruire pentru ceilal\u021bi furnizori, membrii ai universit\u0103\u021bilor din RBI.<\/p>\n\n\n\n<p><em><strong>WP3. Promovarea \u0219i comunicarea \u0219tiin\u021bei \u0219i a rezultatelor cercet\u0103rii.<\/strong><\/em> WP3 va fi ini\u021biat prin elaborarea planului general de implementare a conceptului de Citizen Science, pe baza c\u0103ruia se organizeaz\u0103 \u0219i detaliaz\u0103 ac\u021biunile ce urmeaz\u0103 a fi implementate pentru asigurarea interac\u021biunii cu tinerii \u0219i cu alte categorii \u021bint\u0103, \u00een vederea promov\u0103rii rezultatelor cercet\u0103rii \u00een societate, dezvolt\u0103rii de programe destinate tinerilor din \u0219coli \u0219i licee, axate pe implicarea acestora \u00een experimente \u0219tiin\u021bifice.<\/p>\n\n\n\n<p><em><strong>WP4. Re\u021bea ERA Talent.<\/strong><\/em> ERA Talent reprezint\u0103 unul din instrumentele de finan\u021bare din cadrul programului Extinderea particip\u0103rii \u0219i consolidarea Spa\u021biului European de Cercetare care are ca scop sprijinirea instruirii \u0219i mobilit\u0103\u021bii intersectoriale a cercet\u0103torilor \u0219i inovatorilor, a altor talente implicate \u00een C&amp;D cu accent pe \u021b\u0103rile cu un sistem de cercetare mai pu\u021bin dezvoltat (widening).<\/p>\n\n\n\n<p><em><strong>WP5. Management de proiect.<\/strong><\/em> Activit\u0103\u021bile proiectate a se desf\u0103\u0219ura \u00een WP5 includ activit\u0103\u021bi de planificare, activit\u0103\u021bi de monitorizare tehnico-financiar\u0103 a activit\u0103\u021bilor proiectului, evaluarea, controlul \u0219i \u00eembun\u0103t\u0103\u021birea activit\u0103\u021bilor proiectului, achizi\u021bii, activit\u0103\u021bi de dezvoltare \u0219i mentenan\u021b\u0103 pagin\u0103 web a proiectului, activit\u0103\u021bi de publicitate proiect, activit\u0103\u021bi de gestionare a resurselor umane implicate \u00een proiect. Activit\u0103\u021bile se desf\u0103\u0219oar\u0103 pe toat\u0103 perioada de derulare a proiectului sub coordonarea directorului de proiect \u0219i a \u00eentregii echipe de management.<\/p>\n","protected":false},"excerpt":{"rendered":"<p>SciResCareer este un centru a c\u0103rui activitate este organizat\u0103 \u00een 5 Hub-uri WP1. Constituire Centrului SciResCareer &#8211; urm\u0103re\u0219te atingerea OS1 prin crearea Centrului SciResCareer. WP2. Orientare \u0219i consiliere. \u00cen paralel cu activit\u0103\u021bile de dezvoltare institu\u021bional\u0103 a Centrului, membrii echipei de proiect \u00eencep dezvoltarea de analize de identificare a nevoilor de orientare \u0219i consiliere (ORC) \u00een&#8230;<\/p>\n","protected":false},"author":1,"featured_media":0,"parent":2,"menu_order":0,"comment_status":"closed","ping_status":"closed","template":"","meta":{"footnotes":""},"class_list":["post-12","page","type-page","status-publish","hentry"],"jetpack-related-posts":[],"jetpack_sharing_enabled":true,"_links":{"self":[{"href":"https:\/\/scirescareer.unibuc.ro\/index.php\/wp-json\/wp\/v2\/pages\/12","targetHints":{"allow":["GET"]}}],"collection":[{"href":"https:\/\/scirescareer.unibuc.ro\/index.php\/wp-json\/wp\/v2\/pages"}],"about":[{"href":"https:\/\/scirescareer.unibuc.ro\/index.php\/wp-json\/wp\/v2\/types\/page"}],"author":[{"embeddable":true,"href":"https:\/\/scirescareer.unibuc.ro\/index.php\/wp-json\/wp\/v2\/users\/1"}],"replies":[{"embeddable":true,"href":"https:\/\/scirescareer.unibuc.ro\/index.php\/wp-json\/wp\/v2\/comments?post=12"}],"version-history":[{"count":5,"href":"https:\/\/scirescareer.unibuc.ro\/index.php\/wp-json\/wp\/v2\/pages\/12\/revisions"}],"predecessor-version":[{"id":632,"href":"https:\/\/scirescareer.unibuc.ro\/index.php\/wp-json\/wp\/v2\/pages\/12\/revisions\/632"}],"up":[{"embeddable":true,"href":"https:\/\/scirescareer.unibuc.ro\/index.php\/wp-json\/wp\/v2\/pages\/2"}],"wp:attachment":[{"href":"https:\/\/scirescareer.unibuc.ro\/index.php\/wp-json\/wp\/v2\/media?parent=12"}],"curies":[{"name":"wp","href":"https:\/\/api.w.org\/{rel}","templated":true}]}}