{"id":1276,"date":"2025-01-21T12:48:14","date_gmt":"2025-01-21T12:48:14","guid":{"rendered":"https:\/\/scirescareer.unibuc.ro\/?page_id=1276"},"modified":"2025-01-21T12:48:14","modified_gmt":"2025-01-21T12:48:14","slug":"chestionar-de-evaluare-a-satisfactiei","status":"publish","type":"page","link":"https:\/\/scirescareer.unibuc.ro\/index.php\/chestionar-de-evaluare-a-satisfactiei\/","title":{"rendered":"Chestionar de evaluare a satisfac\u021biei"},"content":{"rendered":"\n<p>Dac\u0103 a\u021bi beneficiat de unul din serviciile oferite de SciResCareer (orientare, consiliere, formare, mentorat, coaching etc.) sau a\u021bi participat la unul din evenimentele organizate de centrul nostru, v\u0103 rug\u0103m s\u0103 completa\u021bi <strong>CHESTIONARUL NA\u021aIONAL DE EVALUARE A SATISFAC\u021aIEI CALIT\u0102\u021aII SERVICIILOR OFERITE DE CENTRELE DE ORIENTARE \u00ceN CARIERA DE CERCET\u0102TOR<\/strong>.<\/p>\n\n\n\n<iframe loading=\"lazy\" src=\"https:\/\/docs.google.com\/forms\/d\/e\/1FAIpQLSe-do1l-98JVPEzUSzJwPQzUm-p0-Vy64XRpUlmUVS9-YliBw\/viewform?embedded=true\" width=\"640\" height=\"11775\" frameborder=\"0\" marginheight=\"0\" marginwidth=\"0\">\n\n\n\n<p><\/p>\n","protected":false},"excerpt":{"rendered":"<p>Dac\u0103 a\u021bi beneficiat de unul din serviciile oferite de SciResCareer (orientare, consiliere, formare, mentorat, coaching etc.) sau a\u021bi participat la unul din evenimentele organizate de centrul nostru, v\u0103 rug\u0103m s\u0103 completa\u021bi CHESTIONARUL NA\u021aIONAL DE EVALUARE A SATISFAC\u021aIEI CALIT\u0102\u021aII SERVICIILOR OFERITE DE CENTRELE DE ORIENTARE \u00ceN CARIERA DE CERCET\u0102TOR.<\/p>\n","protected":false},"author":1,"featured_media":0,"parent":0,"menu_order":0,"comment_status":"closed","ping_status":"closed","template":"","meta":{"footnotes":""},"class_list":["post-1276","page","type-page","status-publish","hentry"],"jetpack-related-posts":[],"jetpack_sharing_enabled":true,"_links":{"self":[{"href":"https:\/\/scirescareer.unibuc.ro\/index.php\/wp-json\/wp\/v2\/pages\/1276","targetHints":{"allow":["GET"]}}],"collection":[{"href":"https:\/\/scirescareer.unibuc.ro\/index.php\/wp-json\/wp\/v2\/pages"}],"about":[{"href":"https:\/\/scirescareer.unibuc.ro\/index.php\/wp-json\/wp\/v2\/types\/page"}],"author":[{"embeddable":true,"href":"https:\/\/scirescareer.unibuc.ro\/index.php\/wp-json\/wp\/v2\/users\/1"}],"replies":[{"embeddable":true,"href":"https:\/\/scirescareer.unibuc.ro\/index.php\/wp-json\/wp\/v2\/comments?post=1276"}],"version-history":[{"count":1,"href":"https:\/\/scirescareer.unibuc.ro\/index.php\/wp-json\/wp\/v2\/pages\/1276\/revisions"}],"predecessor-version":[{"id":1277,"href":"https:\/\/scirescareer.unibuc.ro\/index.php\/wp-json\/wp\/v2\/pages\/1276\/revisions\/1277"}],"wp:attachment":[{"href":"https:\/\/scirescareer.unibuc.ro\/index.php\/wp-json\/wp\/v2\/media?parent=1276"}],"curies":[{"name":"wp","href":"https:\/\/api.w.org\/{rel}","templated":true}]}}