{"id":1599,"date":"2025-07-02T13:21:59","date_gmt":"2025-07-02T13:21:59","guid":{"rendered":"https:\/\/scirescareer.unibuc.ro\/?page_id=1599"},"modified":"2025-09-19T16:09:30","modified_gmt":"2025-09-19T16:09:30","slug":"plenary-lectures","status":"publish","type":"page","link":"https:\/\/scirescareer.unibuc.ro\/index.php\/past-events\/cwrys-2025\/plenary-lectures\/","title":{"rendered":"Conference programme and Plenary lectures"},"content":{"rendered":"\n<div class=\"wp-block-buttons is-layout-flex wp-block-buttons-is-layout-flex\">\n<div class=\"wp-block-button is-style-fill\"><a class=\"wp-block-button__link wp-element-button\" href=\"https:\/\/scirescareer.unibuc.ro\/index.php\/cwrys-2025\/topics-and-scientific-committee\/\">Topics&amp;scientific<br>committee<\/a><\/div>\n\n\n\n<div class=\"wp-block-button\"><a class=\"wp-block-button__link wp-element-button\" href=\"https:\/\/scirescareer.unibuc.ro\/index.php\/cwrys-2025\/plenary-lectures\/\">Conference programme<br>and plenary lectures<\/a><\/div>\n\n\n\n<div class=\"wp-block-button\"><a class=\"wp-block-button__link wp-element-button\" href=\"https:\/\/scirescareer.unibuc.ro\/index.php\/cwrys-2025\/abstract-submission-publication-opportunities\/\" target=\"_blank\" rel=\"noreferrer noopener\">Abstract submission<br>and publication<\/a><\/div>\n\n\n\n<div class=\"wp-block-button\"><a class=\"wp-block-button__link wp-element-button\" href=\"https:\/\/scirescareer.unibuc.ro\/index.php\/cwrys-2025\/workshops\/\">Thematic<br>Workshops<\/a><\/div>\n<\/div>\n\n\n\n<p>The full programme of the conference is <strong><a href=\"https:\/\/scirescareer.unibuc.ro\/wp-content\/uploads\/2025\/09\/Program-CWRY-2025-Website-19-09.pdf\" target=\"_blank\" rel=\"noreferrer noopener\">available here (pdf format)<\/a><\/strong>.<\/p>\n\n\n\n<div class=\"wp-block-media-text is-stacked-on-mobile\"><figure class=\"wp-block-media-text__media\"><img data-recalc-dims=\"1\" loading=\"lazy\" decoding=\"async\" width=\"640\" height=\"640\" src=\"https:\/\/i0.wp.com\/scirescareer.unibuc.ro\/wp-content\/uploads\/2025\/09\/Dan-Cogalniceanu-web.jpg?resize=640%2C640&#038;ssl=1\" alt=\"\" class=\"wp-image-1682 size-full\" srcset=\"https:\/\/i0.wp.com\/scirescareer.unibuc.ro\/wp-content\/uploads\/2025\/09\/Dan-Cogalniceanu-web.jpg?resize=1024%2C1024&amp;ssl=1 1024w, https:\/\/i0.wp.com\/scirescareer.unibuc.ro\/wp-content\/uploads\/2025\/09\/Dan-Cogalniceanu-web.jpg?resize=300%2C300&amp;ssl=1 300w, https:\/\/i0.wp.com\/scirescareer.unibuc.ro\/wp-content\/uploads\/2025\/09\/Dan-Cogalniceanu-web.jpg?resize=150%2C150&amp;ssl=1 150w, https:\/\/i0.wp.com\/scirescareer.unibuc.ro\/wp-content\/uploads\/2025\/09\/Dan-Cogalniceanu-web.jpg?resize=768%2C769&amp;ssl=1 768w, https:\/\/i0.wp.com\/scirescareer.unibuc.ro\/wp-content\/uploads\/2025\/09\/Dan-Cogalniceanu-web.jpg?resize=1534%2C1536&amp;ssl=1 1534w, https:\/\/i0.wp.com\/scirescareer.unibuc.ro\/wp-content\/uploads\/2025\/09\/Dan-Cogalniceanu-web.jpg?resize=1320%2C1321&amp;ssl=1 1320w, https:\/\/i0.wp.com\/scirescareer.unibuc.ro\/wp-content\/uploads\/2025\/09\/Dan-Cogalniceanu-web.jpg?w=1800&amp;ssl=1 1800w\" sizes=\"auto, (max-width: 640px) 100vw, 640px\" \/><\/figure><div class=\"wp-block-media-text__content\">\n<p><strong>Dan Cog\u0103lniceanu (Universitatea Ovidius Constan\u021ba): <em>Lacurile alpine din Parcul National Retezat<\/em><\/strong><\/p>\n\n\n\n<p>O percep\u021bie comun\u0103 asupra ecosistemelor alpine este c\u0103 acestea sunt foarte pu\u021bin expuse sau afectate de factori antropici. \u00cen prezent, \u00eens\u0103, schimb\u0103rile climatice, al\u0103turi de o serie de alte activit\u0103\u021bi antropice, reprezint\u0103 amenin\u021b\u0103ri \u00een cre\u0219tere rapid\u0103 pentru zonele alpine. Biodiversitatea acvatic\u0103 este esen\u021bial\u0103 pentru func\u021bionarea ecosistemelor \u0219i pentru serviciile ecosistemice pe care acestea le furnizeaz\u0103. De aceea, studiul ecosistemelor acvatice alpine \u0219i a diversitatii specifice a acestora este at\u00e2t oportun\u0103, c\u00e2t \u0219i necesar\u0103. Lacurile alpine in Parcul National Retezat constituie un excelent laborator pentru studiul biodiversitatii alpine si a modificarilor cauzate de activitatile umane.<\/p>\n<\/div><\/div>\n\n\n\n<div class=\"wp-block-media-text is-stacked-on-mobile\"><figure class=\"wp-block-media-text__media\"><img data-recalc-dims=\"1\" loading=\"lazy\" decoding=\"async\" width=\"627\" height=\"1024\" src=\"https:\/\/i0.wp.com\/scirescareer.unibuc.ro\/wp-content\/uploads\/2025\/09\/Carmen-Roba.jpeg?resize=627%2C1024&#038;ssl=1\" alt=\"\" class=\"wp-image-1686 size-full\" srcset=\"https:\/\/i0.wp.com\/scirescareer.unibuc.ro\/wp-content\/uploads\/2025\/09\/Carmen-Roba.jpeg?resize=627%2C1024&amp;ssl=1 627w, https:\/\/i0.wp.com\/scirescareer.unibuc.ro\/wp-content\/uploads\/2025\/09\/Carmen-Roba.jpeg?resize=184%2C300&amp;ssl=1 184w, https:\/\/i0.wp.com\/scirescareer.unibuc.ro\/wp-content\/uploads\/2025\/09\/Carmen-Roba.jpeg?w=760&amp;ssl=1 760w\" sizes=\"auto, (max-width: 627px) 100vw, 627px\" \/><\/figure><div class=\"wp-block-media-text__content\">\n<p><strong>Carmen Roba, Nicoleta Bri\u0219an (Universitatea Babe\u0219-Bolyai Cluj-Napoca): <em>Heavy metal pollution of aquatic ecosystems<\/em><\/strong><\/p>\n\n\n\n<p>Due to their high toxicity, persistence, and bioconcentration, biomagnification capacity in the food chain, heavy metals represent a significant threat to environmental health. Metals are distributed among different aquatic environmental compartments (water, suspended solids, sediments and biota) and can occur in dissolved, particulates or complex form. Metals can reach an aquatic reservoir, by both natural and anthropic sources and depending on their chemical form, their toxicity, bioavailability, and solubility may undergo significant changes. The present study is focused on some important aspects in assessing the impact on aquatic ecosystems associated with the presence of heavy metals, namely: the main natural and anthropic sources, heavy metals toxicity versus their chemical forms, process which influence their transport in aquatic environment, sequential extraction of heavy metals in sediments, their bioavailability, historical trend analysis, different treatment options for heavy metal removal, calculation of heavy metal pollution indices, and carcinogenic and non-carcinogenic health risk assessment.<\/p>\n<\/div><\/div>\n\n\n\n<p><strong>Liviu Chelcea, Transnational Bottled Water: Eastern European And Ex-Ussr Imported Bottled Water In Immigrant Neighborhoods In New York City<\/strong><\/p>\n\n\n\n<p>As it is well known, bottled water consumption grew exponentially in the last two decades, in many parts of the globe. This form of water consumption created huge water sustainability problems because of plastic and micro-plastic pollution and aquifer depletion, but it also fill in the gaps of network water provision in poor and minority communities in the Global North, and cities with fragmented water supply in the Global South. This presentation focuses on the bottled water consumed in immigrant communities from Eastern Europe and ex-USSR in New York City. <\/p>\n\n\n\n<p>Unlike all other immigrant communities, ethnic supermarkets, convenience stores, and restaurants sell bottled water imported from such countries, together with the regular domestic, American brands, and the international brands imported primarily from Europe. Using a personal census of such stores in the neighborhood of Astoria, Queens, which has Greek, Balkan and Eastern European immigrants, and Brighton Beach, Brooklyn, which is home to immigrants from the ex-USSR countries (see figure below), I describe the scale of this process, as well as the brands and countries that export water to New York City. Findings indicate that out of the 33 countries that export bottled water to New York City, 19 are from Eastern Europe and ex-USSR. Such waters are sold almost exclusively in ethnic supermarkets and restaurants. They are used differently in the two ethnic areas.<\/p>\n\n\n\n<p>In Eastern European communities, water is part, materially and symbolically, of the foodstuff and drinks that are on the table, often combined with wine, and other liquors. In ex-Soviet space, mixing water and alcohol is not part of dining and drinking. In both regions, however, bottled water from home, especially if it is strongly mineralised is associated medicinal properties, a medical discourse that disappeared in the US, but continued in Eastern Europe and ex-USSR countries. For both, what I call <em>transnational bottled water<\/em>, is also a part of home, and identity. This mobility of bottled water raises interesting questions about the carbon footprint of bottled water, notions of health, imagined communities, and the causes for drinking bottled water.<\/p>\n\n\n\n<p><strong>Calin Cotoi, University of Bucharest, <\/strong><em><strong>The Socialist Ecology of Reeds: Plant Lives and Hydro-modernities in the Danube Delta<\/strong><\/em><\/p>\n\n\n\n<p>This presentation follows the historical emergence of the Danube delta as hydro-modernity, the creation of political and scientific representations of the dynamic landscape of waters, silt, reeds, animals, and humans. This process started with the first staging of the landscape as an undeveloped, lacking in modernity \u201cgreen sea,\u201d in mid-nineteenth century, and then evolved, before and after WWI, into a mixed ecological-economic model. Because of the large scale and increasingly accurate map-making of the area, the delta gradually emerged as a passive repository of free resources.<\/p>\n\n\n\n<p>Beginning in the mid-1950s, the socialist delta was re-imagined around a new techno-science of reeds. Reedbeds became visible as a potentially reachable treasure chest to be soon opened in a modernizing land. It was no longer the sign of \u201cinhospitable\u201d lands, as it became a potentially civilizing resource, ready to upgrade the Danube Delta region to the higher agro-industrial socialist status, but becoming unexpectedly internally differentiated, both biologically and technologically. In the Romanian socialist cash-strapped economy, after WWII, almost no effort was spared for this project. The economic development of large wetlands through biological and technological research was deeply entangled with plants\u2019 lives and histories.<\/p>\n\n\n\n<p>The rhizomatic character of the common reed, its ways of moving, changing and aggregating in the Delta was framed by heavy machinery, political and scientific imaginaries. The present-day partially ruined landscape of socialist reed has become an ambiguous part of contemporary understandings of the governance of \u201cwild nature,\u201d in the wetlands of Eastern Europe.<\/p>\n\n\n\n<p><strong>Vasile P\u00e2rvulescu, University of Bucharest: <em>Strategic Approaches for Water Pollution Mitigation<\/em><\/strong> <\/p>\n\n\n\n<p>The crucial concern regarding water pollution goes far beyond the presence of macroscopic floating objects, which mainly cause aesthetic distress. The real impact is driven by micropollutants, dissolved or dispersed as colloidal particles in water, that can bioaccumulate and lead to severe adverse effects on biota, from individual organisms to ecosystem levels. Mitigating pollution in aquatic systems is extremely challenging. Chemical treatment processes might result in even more complex consequences.<\/p>\n\n\n\n<p>The talk will explore strategies for pollution reduction, rather than complete elimination, and alternative approaches meant to protect aquatic systems. Ultimately, the research conducted within the ResPonSE project investigates solutions for pollution mitigation, going beyond simple contamination with individual compounds to complex water matrices containing pollutant mixtures, including case studies involving actual wastewater.<\/p>\n","protected":false},"excerpt":{"rendered":"<p>The full programme of the conference is available here (pdf format). Dan Cog\u0103lniceanu (Universitatea Ovidius Constan\u021ba): Lacurile alpine din Parcul National Retezat O percep\u021bie comun\u0103 asupra ecosistemelor alpine este c\u0103 acestea sunt foarte pu\u021bin expuse sau afectate de factori antropici. \u00cen prezent, \u00eens\u0103, schimb\u0103rile climatice, al\u0103turi de o serie de alte activit\u0103\u021bi antropice, reprezint\u0103 amenin\u021b\u0103ri&#8230;<\/p>\n","protected":false},"author":1,"featured_media":0,"parent":1535,"menu_order":0,"comment_status":"closed","ping_status":"closed","template":"","meta":{"footnotes":""},"class_list":["post-1599","page","type-page","status-publish","hentry"],"jetpack-related-posts":[],"jetpack_sharing_enabled":true,"_links":{"self":[{"href":"https:\/\/scirescareer.unibuc.ro\/index.php\/wp-json\/wp\/v2\/pages\/1599","targetHints":{"allow":["GET"]}}],"collection":[{"href":"https:\/\/scirescareer.unibuc.ro\/index.php\/wp-json\/wp\/v2\/pages"}],"about":[{"href":"https:\/\/scirescareer.unibuc.ro\/index.php\/wp-json\/wp\/v2\/types\/page"}],"author":[{"embeddable":true,"href":"https:\/\/scirescareer.unibuc.ro\/index.php\/wp-json\/wp\/v2\/users\/1"}],"replies":[{"embeddable":true,"href":"https:\/\/scirescareer.unibuc.ro\/index.php\/wp-json\/wp\/v2\/comments?post=1599"}],"version-history":[{"count":25,"href":"https:\/\/scirescareer.unibuc.ro\/index.php\/wp-json\/wp\/v2\/pages\/1599\/revisions"}],"predecessor-version":[{"id":1729,"href":"https:\/\/scirescareer.unibuc.ro\/index.php\/wp-json\/wp\/v2\/pages\/1599\/revisions\/1729"}],"up":[{"embeddable":true,"href":"https:\/\/scirescareer.unibuc.ro\/index.php\/wp-json\/wp\/v2\/pages\/1535"}],"wp:attachment":[{"href":"https:\/\/scirescareer.unibuc.ro\/index.php\/wp-json\/wp\/v2\/media?parent=1599"}],"curies":[{"name":"wp","href":"https:\/\/api.w.org\/{rel}","templated":true}]}}