{"id":1775,"date":"2025-11-21T15:09:41","date_gmt":"2025-11-21T15:09:41","guid":{"rendered":"https:\/\/scirescareer.unibuc.ro\/?page_id=1775"},"modified":"2025-11-21T15:19:02","modified_gmt":"2025-11-21T15:19:02","slug":"reteaua-era-talent","status":"publish","type":"page","link":"https:\/\/scirescareer.unibuc.ro\/index.php\/reteaua-era-talent\/","title":{"rendered":"Centre ERA Talent"},"content":{"rendered":"\n<p>Prin Investi\u021bia I10 \u2013 <em>\u201e\u00cenfiin\u0163area \u015fi sus\u0163inerea financiar\u0103 a unei re\u0163ele na\u0163ionale de opt centre regionale de orientare \u00een carier\u0103\u201d<\/em> \u2013 parte a <strong>Pilonului III, Componenta C9 \u2013 Suport pentru sectorul privat, cercetare, dezvoltare \u0219i inovare<\/strong> din <strong>Planul Na\u0163ional de Redresare \u015fi Rezilien\u0163\u0103 (PNRR)<\/strong>, s-a dorit crearea unei re\u021bele <strong>integrate de centre regionale<\/strong> care s\u0103 sprijine formarea, orientarea \u0219i dezvoltarea profesional\u0103 a cercet\u0103torilor din Rom\u00e2nia, \u00een concordan\u021b\u0103 cu obiectivele <strong>European Research Area (ERA Talent Platform)<\/strong>. Au fost \u00eenfiin\u021bate centre \u00een fiecare regiune de dezvoltare, dup\u0103 cum urmeaz\u0103:<\/p>\n\n\n\n<ul class=\"wp-block-list\">\n<li>Centrul de orientare \u00een cariera de cercet\u0103tor \u2013 Regiunea de Sud-Vest Oltenia <a href=\"https:\/\/cercetatorii-viitorului.ucv.ro\/\">https:\/\/cercetatorii-viitorului.ucv.ro\/<\/a><\/li>\n\n\n\n<li>Centrul Regional Sud-Est pentru orientarea \u00een cariera de cercet\u0103tor \u2013 AD. AUGUSTA <a href=\"https:\/\/adaugusta.univ-ovidius.ro\/\">https:\/\/adaugusta.univ-ovidius.ro\/<\/a><\/li>\n\n\n\n<li>Centrul de orientare \u00een cariera de cercet\u0103tor \u2013 Regiunea de Nord-Vest <a href=\"https:\/\/ubbcore.ro\/ro\/\">https:\/\/ubbcore.ro\/ro\/<\/a><\/li>\n\n\n\n<li>Centrul Regional de Orientare\u00a0\u0219i Consiliere\u00a0\u00een Cariera de Cercet\u0103tor -Bucure\u0219ti-Ilfov \u2013 de la educa\u021bie preuniversitar\u0103\u00a0la cercetare avansat\u0103 <a href=\"https:\/\/scirescareer.unibuc.ro\/\">https:\/\/scirescareer.unibuc.ro\/<\/a><\/li>\n\n\n\n<li>Centrul de Networking\u00a0\u0219i Dezvoltare a Carierei\u00a0\u00een Cercetare \u00een Regiunea Sud-Muntenia (CNDCSM)<br><a href=\"https:\/\/www.cndsm.eu\/\">https:\/\/www.cndsm.eu\/<\/a><\/li>\n\n\n\n<li>Centrul de Consiliere\u00a0\u0219i Orientare \u00een cariera de cercet\u0103tor \u2013 Regiunea de Vest <a href=\"https:\/\/cecocevest.uvt.ro\/\">https:\/\/cecocevest.uvt.ro\/<\/a><\/li>\n\n\n\n<li>Centrul de orientare \u00een cariera de cercet\u0103tor \u2013 Regiunea Centru <a href=\"https:\/\/grants.ulbsibiu.ro\/cocerc\/\">https:\/\/grants.ulbsibiu.ro\/cocerc\/<\/a><\/li>\n\n\n\n<li>Centrul de orientare, asociere \u0219i consiliere \u00een cariera de cercet\u0103tor pentru Regiunea de dezvoltare Nord-Est a Rom\u00e2niei <a href=\"https:\/\/coach.usv.ro\/\">https:\/\/coach.usv.ro\/<\/a><br><br><br><br><br><\/li>\n<\/ul>\n","protected":false},"excerpt":{"rendered":"<p>Prin Investi\u021bia I10 \u2013 \u201e\u00cenfiin\u0163area \u015fi sus\u0163inerea financiar\u0103 a unei re\u0163ele na\u0163ionale de opt centre regionale de orientare \u00een carier\u0103\u201d \u2013 parte a Pilonului III, Componenta C9 \u2013 Suport pentru sectorul privat, cercetare, dezvoltare \u0219i inovare din Planul Na\u0163ional de Redresare \u015fi Rezilien\u0163\u0103 (PNRR), s-a dorit crearea unei re\u021bele integrate de centre regionale care s\u0103&#8230;<\/p>\n","protected":false},"author":1,"featured_media":0,"parent":0,"menu_order":0,"comment_status":"closed","ping_status":"closed","template":"","meta":{"footnotes":""},"class_list":["post-1775","page","type-page","status-publish","hentry"],"jetpack-related-posts":[],"jetpack_sharing_enabled":true,"_links":{"self":[{"href":"https:\/\/scirescareer.unibuc.ro\/index.php\/wp-json\/wp\/v2\/pages\/1775","targetHints":{"allow":["GET"]}}],"collection":[{"href":"https:\/\/scirescareer.unibuc.ro\/index.php\/wp-json\/wp\/v2\/pages"}],"about":[{"href":"https:\/\/scirescareer.unibuc.ro\/index.php\/wp-json\/wp\/v2\/types\/page"}],"author":[{"embeddable":true,"href":"https:\/\/scirescareer.unibuc.ro\/index.php\/wp-json\/wp\/v2\/users\/1"}],"replies":[{"embeddable":true,"href":"https:\/\/scirescareer.unibuc.ro\/index.php\/wp-json\/wp\/v2\/comments?post=1775"}],"version-history":[{"count":2,"href":"https:\/\/scirescareer.unibuc.ro\/index.php\/wp-json\/wp\/v2\/pages\/1775\/revisions"}],"predecessor-version":[{"id":1778,"href":"https:\/\/scirescareer.unibuc.ro\/index.php\/wp-json\/wp\/v2\/pages\/1775\/revisions\/1778"}],"wp:attachment":[{"href":"https:\/\/scirescareer.unibuc.ro\/index.php\/wp-json\/wp\/v2\/media?parent=1775"}],"curies":[{"name":"wp","href":"https:\/\/api.w.org\/{rel}","templated":true}]}}