{"id":634,"date":"2023-06-07T09:30:50","date_gmt":"2023-06-07T09:30:50","guid":{"rendered":"https:\/\/scirescareer.unibuc.ro\/?page_id=634"},"modified":"2024-01-13T14:12:39","modified_gmt":"2024-01-13T14:12:39","slug":"echipa","status":"publish","type":"page","link":"https:\/\/scirescareer.unibuc.ro\/index.php\/despre-proiect\/echipa\/","title":{"rendered":"Echipa"},"content":{"rendered":"\n<p>Virgil B\u0103ran, director de proiect<\/p>\n\n\n\n<p>Mihaela Matache, manager executiv<\/p>\n\n\n\n<p>Magdalena Platis, manager de calitate<\/p>\n\n\n\n<p>Marian Cr\u0103ciun, manager orientare \u0219i consiliere \u00een carier\u0103<\/p>\n\n\n\n<p>Laura Ciolan, responsabil activit\u0103\u021bi de coaching<\/p>\n\n\n\n<p>Beatrice Radu, responsabil activit\u0103\u021bi de mentorat<\/p>\n\n\n\n<p>Mariana Chioncel, manager programe de formare<\/p>\n\n\n\n<p>Marius Matache, manager promovarea cercet\u0103rii<\/p>\n\n\n\n<p>Mircea Sava, Manager comunicarea \u0219tiin\u021bei<\/p>\n\n\n\n<p>Camelia Bala, Manager comunicare \u00een re\u021bea<\/p>\n\n\n\n<p>Delia Popescu, manager interna\u021bionalizare<\/p>\n\n\n\n<p>Alexandru Car\u021bi\u0219, responsabil grup \u021bint\u0103.<\/p>\n","protected":false},"excerpt":{"rendered":"<p>Virgil B\u0103ran, director de proiect Mihaela Matache, manager executiv Magdalena Platis, manager de calitate Marian Cr\u0103ciun, manager orientare \u0219i consiliere \u00een carier\u0103 Laura Ciolan, responsabil activit\u0103\u021bi de coaching Beatrice Radu, responsabil activit\u0103\u021bi de mentorat Mariana Chioncel, manager programe de formare Marius Matache, manager promovarea cercet\u0103rii Mircea Sava, Manager comunicarea \u0219tiin\u021bei Camelia Bala, Manager comunicare \u00een&#8230;<\/p>\n","protected":false},"author":1,"featured_media":0,"parent":2,"menu_order":0,"comment_status":"closed","ping_status":"closed","template":"","meta":{"footnotes":""},"class_list":["post-634","page","type-page","status-publish","hentry"],"jetpack-related-posts":[],"jetpack_sharing_enabled":true,"_links":{"self":[{"href":"https:\/\/scirescareer.unibuc.ro\/index.php\/wp-json\/wp\/v2\/pages\/634","targetHints":{"allow":["GET"]}}],"collection":[{"href":"https:\/\/scirescareer.unibuc.ro\/index.php\/wp-json\/wp\/v2\/pages"}],"about":[{"href":"https:\/\/scirescareer.unibuc.ro\/index.php\/wp-json\/wp\/v2\/types\/page"}],"author":[{"embeddable":true,"href":"https:\/\/scirescareer.unibuc.ro\/index.php\/wp-json\/wp\/v2\/users\/1"}],"replies":[{"embeddable":true,"href":"https:\/\/scirescareer.unibuc.ro\/index.php\/wp-json\/wp\/v2\/comments?post=634"}],"version-history":[{"count":3,"href":"https:\/\/scirescareer.unibuc.ro\/index.php\/wp-json\/wp\/v2\/pages\/634\/revisions"}],"predecessor-version":[{"id":794,"href":"https:\/\/scirescareer.unibuc.ro\/index.php\/wp-json\/wp\/v2\/pages\/634\/revisions\/794"}],"up":[{"embeddable":true,"href":"https:\/\/scirescareer.unibuc.ro\/index.php\/wp-json\/wp\/v2\/pages\/2"}],"wp:attachment":[{"href":"https:\/\/scirescareer.unibuc.ro\/index.php\/wp-json\/wp\/v2\/media?parent=634"}],"curies":[{"name":"wp","href":"https:\/\/api.w.org\/{rel}","templated":true}]}}