{"id":915,"date":"2024-04-12T16:47:05","date_gmt":"2024-04-12T16:47:05","guid":{"rendered":"https:\/\/scirescareer.unibuc.ro\/?page_id=915"},"modified":"2024-07-14T14:16:18","modified_gmt":"2024-07-14T14:16:18","slug":"documente-scirescareer","status":"publish","type":"page","link":"https:\/\/scirescareer.unibuc.ro\/index.php\/documente-scirescareer\/","title":{"rendered":"Documente SciResCareer"},"content":{"rendered":"\n<ol class=\"wp-block-list\">\n<li><a href=\"https:\/\/scirescareer.unibuc.ro\/wp-content\/uploads\/2024\/04\/ROF-SciResCareer.pdf\" target=\"_blank\" rel=\"noreferrer noopener\">Regulamentul de organizare si functionare&nbsp;al SciResCareer<\/a><\/li>\n\n\n\n<li><a href=\"https:\/\/scirescareer.unibuc.ro\/wp-content\/uploads\/2024\/04\/Organigrama-SciResCareer.pdf\" target=\"_blank\" rel=\"noreferrer noopener\">Organigrama SciResCareer<\/a><\/li>\n\n\n\n<li><a href=\"https:\/\/scirescareer.unibuc.ro\/wp-content\/uploads\/2024\/04\/Manualul-calitatii-SciResCareer.pdf\" data-type=\"link\" data-id=\"https:\/\/scirescareer.unibuc.ro\/wp-content\/uploads\/2024\/04\/Manualul-calitatii-SciResCareer.pdf\" target=\"_blank\" rel=\"noreferrer noopener\">Manualul calit\u0103\u021bii al SciResCareer<\/a>&nbsp;<\/li>\n\n\n\n<li><a href=\"https:\/\/scirescareer.unibuc.ro\/wp-content\/uploads\/2024\/04\/Declaratie_management.pdf\" target=\"_blank\" rel=\"noreferrer noopener\">Declara\u021bia&nbsp;managementului SciResCareer privind calitatea<\/a><\/li>\n\n\n\n<li><a href=\"https:\/\/scirescareer.unibuc.ro\/wp-content\/uploads\/2024\/04\/Strategia-SciResCareer.pdf\" data-type=\"link\" data-id=\"https:\/\/scirescareer.unibuc.ro\/wp-content\/uploads\/2024\/04\/Strategia-SciResCareer.pdf\" target=\"_blank\" rel=\"noreferrer noopener\">Strategia generala de dezvoltare a SciResCareer pentru 2023-2026<\/a><\/li>\n\n\n\n<li><a href=\"https:\/\/scirescareer.unibuc.ro\/wp-content\/uploads\/2024\/04\/Metodologie-HUB-1.pdf\" target=\"_blank\" rel=\"noreferrer noopener\">Metodologie pentru&nbsp;pentru organizarea \u0219i func\u021bionarea&nbsp;HUB 1 Orientare \u0219i Consiliere din centrul SciResCareer<\/a><\/li>\n\n\n\n<li><a href=\"https:\/\/scirescareer.unibuc.ro\/wp-content\/uploads\/2024\/04\/Metodologie-HUB-2.pdf\">Metodologie pentru organizarea si func\u021bionarea&nbsp;Hub 2 Formare Profesional\u0103 din centrul SciResCareer&nbsp;<\/a><\/li>\n\n\n\n<li><a href=\"https:\/\/scirescareer.unibuc.ro\/wp-content\/uploads\/2024\/04\/Metodologie-HUB-3.pdf\" target=\"_blank\" rel=\"noreferrer noopener\">Metodologie pentru organizarea \u0219i func\u021bionarea&nbsp;HUB 3 Promovarea \u0219i comunicarea \u0219tiin\u021bei din centrul SciResCareer<\/a><\/li>\n\n\n\n<li><a href=\"https:\/\/scirescareer.unibuc.ro\/wp-content\/uploads\/2024\/04\/Metodologie-HUB-4.pdf\" target=\"_blank\" rel=\"noreferrer noopener\">Metodologie pentru organizarea \u0219i func\u021bionarea&nbsp;Hub 4&nbsp; Re\u021bea ERA TALENT din centrul SciResCareer<\/a><\/li>\n\n\n\n<li><a href=\"https:\/\/scirescareer.unibuc.ro\/wp-content\/uploads\/2024\/04\/Metodologie-HUB-5.pdf\" target=\"_blank\" rel=\"noreferrer noopener\">Metodologie pentru organizarea \u0219i func\u021bionarea&nbsp;Hub 5&nbsp; Interna\u021bionalizare din centrul SciResCareer<\/a><\/li>\n\n\n\n<li><a href=\"https:\/\/scirescareer.unibuc.ro\/wp-content\/uploads\/2024\/04\/Metodologie-Cursuri_Limba_Romana.pdf\" target=\"_blank\" rel=\"noreferrer noopener\">Metodologie pentru organizarea&nbsp;cursurilor de limba rom\u00e2n\u0103 pentru cercet\u0103torii str\u0103ini din Regiunea Bucure\u0219ti-Ilfov&nbsp;<\/a><\/li>\n\n\n\n<li><a href=\"https:\/\/scirescareer.unibuc.ro\/wp-content\/uploads\/2024\/07\/PO-SciRes-01-Procedura-operationala-privind-interactiunea-cu-stakeholderii-interni-si-externi.aprilie-2024.pdf\" target=\"_blank\" rel=\"noreferrer noopener\">PROCEDURA OPERA\u021aIONAL\u0102 privind interac\u021biunea cu stakeholderii interni \u0219i externi<\/a><\/li>\n\n\n\n<li><a href=\"https:\/\/scirescareer.unibuc.ro\/wp-content\/uploads\/2024\/07\/PO-SciRes-02-Procedura-operationala-privind-monitorizarea-si-evaluarea-activitatilor-derulate.-aprilie-2024.pdf\" target=\"_blank\" rel=\"noreferrer noopener\">PROCEDURA OPERA\u021aIONAL\u0102 privind monitorizarea \u0219i evaluarea activit\u0103\u021bilor derulate<\/a><\/li>\n<\/ol>\n","protected":false},"excerpt":{"rendered":"","protected":false},"author":1,"featured_media":0,"parent":0,"menu_order":0,"comment_status":"closed","ping_status":"closed","template":"","meta":{"footnotes":""},"class_list":["post-915","page","type-page","status-publish","hentry"],"jetpack-related-posts":[],"jetpack_sharing_enabled":true,"_links":{"self":[{"href":"https:\/\/scirescareer.unibuc.ro\/index.php\/wp-json\/wp\/v2\/pages\/915","targetHints":{"allow":["GET"]}}],"collection":[{"href":"https:\/\/scirescareer.unibuc.ro\/index.php\/wp-json\/wp\/v2\/pages"}],"about":[{"href":"https:\/\/scirescareer.unibuc.ro\/index.php\/wp-json\/wp\/v2\/types\/page"}],"author":[{"embeddable":true,"href":"https:\/\/scirescareer.unibuc.ro\/index.php\/wp-json\/wp\/v2\/users\/1"}],"replies":[{"embeddable":true,"href":"https:\/\/scirescareer.unibuc.ro\/index.php\/wp-json\/wp\/v2\/comments?post=915"}],"version-history":[{"count":14,"href":"https:\/\/scirescareer.unibuc.ro\/index.php\/wp-json\/wp\/v2\/pages\/915\/revisions"}],"predecessor-version":[{"id":998,"href":"https:\/\/scirescareer.unibuc.ro\/index.php\/wp-json\/wp\/v2\/pages\/915\/revisions\/998"}],"wp:attachment":[{"href":"https:\/\/scirescareer.unibuc.ro\/index.php\/wp-json\/wp\/v2\/media?parent=915"}],"curies":[{"name":"wp","href":"https:\/\/api.w.org\/{rel}","templated":true}]}}